{"id":201,"date":"2024-11-04T20:17:38","date_gmt":"2024-11-05T01:17:38","guid":{"rendered":"https:\/\/22rams.com\/us\/?page_id=201"},"modified":"2024-11-04T20:19:59","modified_gmt":"2024-11-05T01:19:59","slug":"contact","status":"publish","type":"page","link":"https:\/\/22rams.com\/us\/contact\/","title":{"rendered":"Contact"},"content":{"rendered":"\n<p class=\"has-text-align-center\">Contactez nous aujourd&#8217;hui pour quelconque question ou demande d&#8217;informations concernant la billetterie et vos commandes de billets.<\/p>\n\n\n\n<form method=\"post\" class=\"wp-block-gutena-forms gutena-forms- gutena_forms_ID_135a41687_4112024201327 input-box-border-bottom-only after_submit_message is-layout-flow wp-container-gutena-forms-is-layout-00b5b574 wp-block-gutena-forms-is-layout-flow\" style=\"padding-top:2rem;padding-bottom:5rem\"><input type=\"hidden\" name=\"formid\" value=\"gutena_forms_ID_135a41687_4112024201327\"\/>\n<div class=\"wp-block-gutena-field-group  field-group-type-text is-layout-flow wp-block-gutena-field-group-is-layout-flow\">\n<div class=\"wp-block-group is-vertical is-layout-flex wp-container-core-group-is-layout-501cef26 wp-block-group-is-layout-flex\">\n<h3 class=\"wp-block-heading heading-input-label-gutena\">Pr\u00e9nom<\/h3>\n\n\n<div class=\"gutena-forms-text-field field-name-first_name  wp-block-gutena-form-field\"><input \n\t\t\t\t name=\"first_name\" type=\"text\" class=\"gutena-forms-field text-field required-field  \" placeholder=\"Entrez votre pr\u00e9nom\"  required \n\t\t\t\t\/><\/div><\/div>\n\n\n\n<p class=\"gutena-forms-field-error-msg\"><\/p>\n<\/div>\n\n\n\n<div class=\"wp-block-gutena-field-group  field-group-type-text is-layout-flow wp-block-gutena-field-group-is-layout-flow\">\n<div class=\"wp-block-group is-vertical is-layout-flex wp-container-core-group-is-layout-501cef26 wp-block-group-is-layout-flex\">\n<h3 class=\"wp-block-heading heading-input-label-gutena\">Nom<\/h3>\n\n\n<div class=\"gutena-forms-text-field field-name-last_name  wp-block-gutena-form-field\"><input \n\t\t\t\t name=\"last_name\" type=\"text\" class=\"gutena-forms-field text-field required-field  \" placeholder=\"Entrez votre nom\"  required \n\t\t\t\t\/><\/div><\/div>\n\n\n\n<p class=\"gutena-forms-field-error-msg\"><\/p>\n<\/div>\n\n\n\n<div class=\"wp-block-gutena-field-group  field-group-type-email is-layout-flow wp-block-gutena-field-group-is-layout-flow\">\n<div class=\"wp-block-group is-vertical is-layout-flex wp-container-core-group-is-layout-501cef26 wp-block-group-is-layout-flex\">\n<h3 class=\"wp-block-heading heading-input-label-gutena\">Email<\/h3>\n\n\n<div class=\"gutena-forms-email-field field-name-email  wp-block-gutena-form-field\"><input \n\t\t\t\t name=\"email\" type=\"email\" class=\"gutena-forms-field email-field required-field  \" placeholder=\"example@gmail.com\"  required \n\t\t\t\t\/><\/div><\/div>\n\n\n\n<p class=\"gutena-forms-field-error-msg\"><\/p>\n<\/div>\n\n\n\n<div class=\"wp-block-gutena-field-group  field-group-type-text is-layout-flow wp-block-gutena-field-group-is-layout-flow\">\n<div class=\"wp-block-group is-vertical is-layout-flex wp-container-core-group-is-layout-501cef26 wp-block-group-is-layout-flex\">\n<h3 class=\"wp-block-heading heading-input-label-gutena\">Sujet<\/h3>\n\n\n<div class=\"gutena-forms-text-field field-name-subject  wp-block-gutena-form-field\"><input \n\t\t\t\t name=\"subject\" type=\"text\" class=\"gutena-forms-field text-field required-field  \" placeholder=\"Sujet\"  required \n\t\t\t\t\/><\/div><\/div>\n\n\n\n<p class=\"gutena-forms-field-error-msg\"><\/p>\n<\/div>\n\n\n\n<div class=\"wp-block-gutena-field-group  field-group-type-textarea is-layout-flow wp-block-gutena-field-group-is-layout-flow\">\n<div class=\"wp-block-group is-vertical is-layout-flex wp-container-core-group-is-layout-501cef26 wp-block-group-is-layout-flex\">\n<h3 class=\"wp-block-heading heading-input-label-gutena\">Message<\/h3>\n\n\n<div class=\"gutena-forms-textarea-field field-name-message  wp-block-gutena-form-field\"><textarea \n\t\t\t\t name=\"message\" rows=\"5\" class=\"gutena-forms-field textarea-field required-field  \" placeholder=\"Dites-nous comment on peut aider aujourd&#039;hui..\"  required \n\t\t\t\t><\/textarea><\/div><\/div>\n\n\n\n<p class=\"gutena-forms-field-error-msg\"><\/p>\n<\/div>\n\n\n\n<div class=\"wp-block-buttons gutena-forms-submit-buttons is-layout-flex wp-block-buttons-is-layout-flex\">\n<div class=\"wp-block-button gutena-forms-submit-button\"><button class=\"wp-block-button__link wp-element-button\">Soumettre<\/button><\/div>\n<\/div>\n\n\n\n<div class=\"wp-block-gutena-form-confirm-msg is-layout-flow wp-block-gutena-form-confirm-msg-is-layout-flow\">\n<div class=\"wp-block-group has-background is-content-justification-left is-nowrap is-layout-flex wp-container-core-group-is-layout-385d3396 wp-block-group-is-layout-flex\" style=\"border-radius:5px;background-color:#d8eacc;padding-top:12px;padding-right:12px;padding-bottom:12px;padding-left:12px\">\n<figure class=\"wp-block-image size-large form-message-icon\"><img decoding=\"async\" src=\"data:image\/svg+xml;base64,PHN2ZyB3aWR0aD0iMTYiIGhlaWdodD0iMTYiIHZpZXdCb3g9IjAgMCAxNiAxNiIgZmlsbD0ibm9uZSIgeG1sbnM9Imh0dHA6Ly93d3cudzMub3JnLzIwMDAvc3ZnIj4KPHBhdGggZD0iTTggMTZDMy41ODE2IDE2IDAgMTIuNDE4NCAwIDhDMCAzLjU4MTYgMy41ODE2IDAgOCAwQzEyLjQxODQgMCAxNiAzLjU4MTYgMTYgOEMxNiAxMi40MTg0IDEyLjQxODQgMTYgOCAxNlpNOCAxNC40QzkuNjk3MzkgMTQuNCAxMS4zMjUzIDEzLjcyNTcgMTIuNTI1NSAxMi41MjU1QzEzLjcyNTcgMTEuMzI1MyAxNC40IDkuNjk3MzkgMTQuNCA4QzE0LjQgNi4zMDI2MSAxMy43MjU3IDQuNjc0NzUgMTIuNTI1NSAzLjQ3NDUyQzExLjMyNTMgMi4yNzQyOCA5LjY5NzM5IDEuNiA4IDEuNkM2LjMwMjYxIDEuNiA0LjY3NDc1IDIuMjc0MjggMy40NzQ1MiAzLjQ3NDUyQzIuMjc0MjggNC42NzQ3NSAxLjYgNi4zMDI2MSAxLjYgOEMxLjYgOS42OTczOSAyLjI3NDI4IDExLjMyNTMgMy40NzQ1MiAxMi41MjU1QzQuNjc0NzUgMTMuNzI1NyA2LjMwMjYxIDE0LjQgOCAxNC40Wk03LjIwMjQgMTEuMkwzLjgwOCA3LjgwNTZMNC45MzkyIDYuNjc0NEw3LjIwMjQgOC45Mzc2TDExLjcyNzIgNC40MTJMMTIuODU5MiA1LjU0MzJMNy4yMDI0IDExLjJaIiBmaWxsPSIjNDY4NDFFIi8+Cjwvc3ZnPgo=\" alt=\"Success\" class=\"wp-image-3811\"\/><\/figure>\n\n\n\n<p class=\"has-black-color has-text-color has-tiny-font-size\" style=\"font-size:12px;font-style:normal;font-weight:500;line-height:1.2\">Votre demande a bien \u00e9t\u00e9 re\u00e7ue! Un membre de notre \u00e9quipe vous contactera dans les plus brefs d\u00e9lais. Merci &#8211; 22RAMS Productions<\/p>\n<\/div>\n<\/div>\n\n\n\n<div class=\"wp-block-gutena-form-error-msg is-layout-flow wp-block-gutena-form-error-msg-is-layout-flow\">\n<div class=\"wp-block-group has-background is-content-justification-left is-nowrap is-layout-flex wp-container-core-group-is-layout-385d3396 wp-block-group-is-layout-flex\" style=\"border-radius:5px;background-color:#ffd3d3;padding-top:12px;padding-right:12px;padding-bottom:12px;padding-left:12px\">\n<figure class=\"wp-block-image size-large form-message-icon\"><img decoding=\"async\" src=\"data:image\/svg+xml;base64,PHN2ZyB3aWR0aD0iMTYiIGhlaWdodD0iMTYiIHZpZXdCb3g9IjAgMCAxNiAxNiIgZmlsbD0ibm9uZSIgeG1sbnM9Imh0dHA6Ly93d3cudzMub3JnLzIwMDAvc3ZnIj4KPHBhdGggZD0iTTggMTZDMy41ODE2IDE2IDAgMTIuNDE4NCAwIDhDMCAzLjU4MTYgMy41ODE2IDAgOCAwQzEyLjQxODQgMCAxNiAzLjU4MTYgMTYgOEMxNiAxMi40MTg0IDEyLjQxODQgMTYgOCAxNlpNOCAxNC40QzkuNjk3MzkgMTQuNCAxMS4zMjUzIDEzLjcyNTcgMTIuNTI1NSAxMi41MjU1QzEzLjcyNTcgMTEuMzI1MyAxNC40IDkuNjk3MzkgMTQuNCA4QzE0LjQgNi4zMDI2MSAxMy43MjU3IDQuNjc0NzUgMTIuNTI1NSAzLjQ3NDUyQzExLjMyNTMgMi4yNzQyOCA5LjY5NzM5IDEuNiA4IDEuNkM2LjMwMjYxIDEuNiA0LjY3NDc1IDIuMjc0MjggMy40NzQ1MiAzLjQ3NDUyQzIuMjc0MjggNC42NzQ3NSAxLjYgNi4zMDI2MSAxLjYgOEMxLjYgOS42OTczOSAyLjI3NDI4IDExLjMyNTMgMy40NzQ1MiAxMi41MjU1QzQuNjc0NzUgMTMuNzI1NyA2LjMwMjYxIDE0LjQgOCAxNC40Wk03LjIgMTAuNEg4LjhWMTJINy4yVjEwLjRaTTcuMiA0SDguOFY4LjhINy4yVjRaIiBmaWxsPSIjQzUxOTE5Ii8+Cjwvc3ZnPgo=\" alt=\"Error\" class=\"wp-image-3811\"\/><\/figure>\n\n\n\n<p class=\"gutena-forms-error-text has-black-color has-text-color\" style=\"font-size:12px;font-style:normal;font-weight:500;line-height:1.2\">Veuillez v\u00e9rifier les erreurs plus haut.<\/p>\n<\/div>\n<\/div>\n<\/form>\n","protected":false},"excerpt":{"rendered":"<p>Contactez nous aujourd&#8217;hui pour quelconque question ou demande d&#8217;informations concernant la billetterie et vos commandes de billets.<\/p>\n","protected":false},"author":2,"featured_media":0,"parent":0,"menu_order":0,"comment_status":"closed","ping_status":"open","template":"","meta":{"_price":"","_stock":"","_tribe_ticket_header":"","_tribe_default_ticket_provider":"","_tribe_ticket_capacity":"0","_ticket_start_date":"","_ticket_end_date":"","_tribe_ticket_show_description":"","_tribe_ticket_show_not_going":false,"_tribe_ticket_use_global_stock":"","_tribe_ticket_global_stock_level":"","_global_stock_mode":"","_global_stock_cap":"","_tribe_rsvp_for_event":"","_tribe_ticket_going_count":"","_tribe_ticket_not_going_count":"","_tribe_tickets_list":"[]","_tribe_ticket_has_attendee_info_fields":false,"_EventAllDay":false,"_EventTimezone":"","_EventStartDate":"","_EventEndDate":"","_EventStartDateUTC":"","_EventEndDateUTC":"","_EventShowMap":false,"_EventShowMapLink":false,"_EventURL":"","_EventCost":"","_EventCostDescription":"","_EventCurrencySymbol":"","_EventCurrencyCode":"","_EventCurrencyPosition":"","_EventDateTimeSeparator":"","_EventTimeRangeSeparator":"","_EventOrganizerID":[],"_EventVenueID":[],"_OrganizerEmail":"","_OrganizerPhone":"","_OrganizerWebsite":"","_VenueAddress":"","_VenueCity":"","_VenueCountry":"","_VenueProvince":"","_VenueState":"","_VenueZip":"","_VenuePhone":"","_VenueURL":"","_VenueStateProvince":"","_VenueLat":"","_VenueLng":"","_VenueShowMap":false,"_VenueShowMapLink":false,"_tribe_blocks_recurrence_rules":"","_tribe_blocks_recurrence_description":"","_tribe_blocks_recurrence_exclusions":"","footnotes":"","_tec_slr_enabled":"","_tec_slr_layout":""},"class_list":["post-201","page","type-page","status-publish","hentry"],"ticketed":false,"_links":{"self":[{"href":"https:\/\/22rams.com\/us\/wp-json\/wp\/v2\/pages\/201","targetHints":{"allow":["GET"]}}],"collection":[{"href":"https:\/\/22rams.com\/us\/wp-json\/wp\/v2\/pages"}],"about":[{"href":"https:\/\/22rams.com\/us\/wp-json\/wp\/v2\/types\/page"}],"author":[{"embeddable":true,"href":"https:\/\/22rams.com\/us\/wp-json\/wp\/v2\/users\/2"}],"replies":[{"embeddable":true,"href":"https:\/\/22rams.com\/us\/wp-json\/wp\/v2\/comments?post=201"}],"version-history":[{"count":2,"href":"https:\/\/22rams.com\/us\/wp-json\/wp\/v2\/pages\/201\/revisions"}],"predecessor-version":[{"id":204,"href":"https:\/\/22rams.com\/us\/wp-json\/wp\/v2\/pages\/201\/revisions\/204"}],"wp:attachment":[{"href":"https:\/\/22rams.com\/us\/wp-json\/wp\/v2\/media?parent=201"}],"curies":[{"name":"wp","href":"https:\/\/api.w.org\/{rel}","templated":true}]}}